{"id":24,"date":"2017-10-25T18:17:12","date_gmt":"2017-10-25T16:17:12","guid":{"rendered":"http:\/\/meussia.fr\/?page_id=24"},"modified":"2018-10-18T16:25:10","modified_gmt":"2018-10-18T14:25:10","slug":"histoire-de-meussia","status":"publish","type":"page","link":"https:\/\/meussia.fr\/?page_id=24","title":{"rendered":"Un peu d&rsquo;histoire&#8230;"},"content":{"rendered":"<p><img decoding=\"async\" loading=\"lazy\" class=\"size-full wp-image-86 alignleft\" src=\"http:\/\/meussia.fr\/wp-content\/uploads\/2017\/10\/blason.png\" alt=\"\" width=\"240\" height=\"270\" srcset=\"https:\/\/meussia.fr\/wp-content\/uploads\/2017\/10\/blason.png 240w, https:\/\/meussia.fr\/wp-content\/uploads\/2017\/10\/blason-133x150.png 133w\" sizes=\"(max-width: 240px) 100vw, 240px\" \/>Notre territoire se construit tous les jours : depuis la cr\u00e9ation du District Jura Sud en 1993, beaucoup d&rsquo;eau a coul\u00e9 dans la Bienne\u2026<\/p>\n<p>C\u2019est dans un contexte national d\u2019\u00e9mergence de l\u2019intercommunalit\u00e9, que les communes du Canton de Moirans-en-Montagne, initialement regroup\u00e9es au sein du m\u00eame SIVOM, ont manifest\u00e9 en 1993 leur volont\u00e9 d\u2019approfondir leur coop\u00e9ration en cr\u00e9ant le District Jura Sud.<br \/>\nEn vue d\u2019un d\u00e9veloppement \u00e9conomique et d\u2019un am\u00e9nagement plus harmonieux de l\u2019espace, son p\u00e9rim\u00e8tre s\u2019est \u00e9largi aux communes de Lavancia-Epercy et de Vaux-les-Saint-Claude en 1994.<\/p>\n<p>En 1999, la loi relative au renforcement et \u00e0 la simplification de la coop\u00e9ration intercommunale a offert aux districts la possibilit\u00e9 de se transformer en Communaut\u00e9 de Communes. En 2000, le District de Jura Sud devient la \u00ab Communaut\u00e9 de Communes Jura Sud \u00bb.<br \/>\nEn janvier 2001, Jura Sud instaure le r\u00e9gime de la Taxe Professionnelle Unique, renfor\u00e7ant aussi la solidarit\u00e9 entre ses communes membres. C\u2019est en 2002 que la 17\u00e8me commune, Maisod, int\u00e8gre la Communaut\u00e9 de Communes.<\/p>\n<p>Jura Sud, c\u2019est plus de 20 ans d\u2019actions dont voici quelques r\u00e9alisations marquantes :<br \/>\n1999 : la Maison de Retraite Jura Sud ouvre ses portes<br \/>\n2000 : naissance de \u00ab Ludy \u00bb, ambassadeur de Jura Sud, Pays de l\u2019Enfant<br \/>\n2007 : cr\u00e9ation des \u00ab 7 contes en balade, dans les pas de Ludy \u00bb<br \/>\n2008 : ouverture de la nouvelle Ludyth\u00e8que Jura Sud<br \/>\n2012 : r\u00e9ouverture du Mus\u00e9e du Jouet enti\u00e8rement r\u00e9nov\u00e9 apr\u00e8s 22 mois de travaux<br \/>\ncr\u00e9ation de la Via Ferrata du Lac de Vouglans<br \/>\n2013 : la Maison de Sant\u00e9 accueille ses premiers patients<br \/>\n2016\u00a0: Moirans-en-Montagne, bourg-centre de Jura Sud est ville d\u00e9part du Tour de France 2016<\/p>\n<p><img decoding=\"async\" loading=\"lazy\" class=\"wp-image-355 size-large aligncenter\" src=\"http:\/\/meussia.fr\/wp-content\/uploads\/2018\/05\/P1180232-1024x683.jpg\" alt=\"\" width=\"900\" height=\"600\" srcset=\"https:\/\/meussia.fr\/wp-content\/uploads\/2018\/05\/P1180232-1024x683.jpg 1024w, https:\/\/meussia.fr\/wp-content\/uploads\/2018\/05\/P1180232-300x200.jpg 300w, https:\/\/meussia.fr\/wp-content\/uploads\/2018\/05\/P1180232-768x512.jpg 768w, https:\/\/meussia.fr\/wp-content\/uploads\/2018\/05\/P1180232-150x100.jpg 150w, https:\/\/meussia.fr\/wp-content\/uploads\/2018\/05\/P1180232.jpg 1200w\" sizes=\"(max-width: 900px) 100vw, 900px\" \/><\/p>\n<p>&nbsp;<\/p>\n<p><strong>Retour sur quelques dates historiques :<\/strong><\/p>\n<ul>\n<li>IXe si\u00e8cle : Le village de Meussia fait son apparition dans les \u00e9crits.<\/li>\n<li>1316 : La chapelle de Meussia est nomm\u00e9e succursale de la paroisse de Charchilla, mais sans droit de cimeti\u00e8re.<\/li>\n<li>XVIe si\u00e8cle : Pr\u00e9sence de plusieurs manufactures de draps.<\/li>\n<li>XVIIe si\u00e8cle : Pr\u00e9sence d&rsquo;un ch\u00e2teau sur le territoire communal, la destruction de ce monument est fix\u00e9e par Louis XIV.<\/li>\n<li>1636 : Perte de la fonction de succursale de la chapelle pendant la guerre.1636 &#8211; 1640 : Pillage et mise en ruines du ch\u00e2teau par les Fran\u00e7ais.<\/li>\n<li>20 mai 1670 : Vente de la place o\u00f9 \u00e9tait situ\u00e9 le ch\u00e2teau \u00e0 un particulier. Son occupation n&rsquo;est pas reconnaissable, on ne pr\u00e9sume plus l&rsquo;existence de cet \u00e9difice \u00e0 ce moment.<\/li>\n<li>1705 : Premiers registres de la commune.<\/li>\n<li>22 septembre 1757 : D\u00e9cret qui \u00e9rige la chapelle en succursale de l&rsquo;\u00e9glise de Charchilla avec Coyron pour annexe.<\/li>\n<li>1791 : Vente \u00e0 l&rsquo;\u00e9tat de la maison seigneuriale qui sert de logement aux religieux.<\/li>\n<li>1833 : Construction de l&rsquo;\u00e9glise.<\/li>\n<li>1842 : Fin de l&rsquo;extraction du minerai de fer pour les forges de Clairvaux-les-lacs.<\/li>\n<li>6 juin 1898 : Les travaux de construction de la voie des chemins de fer vicinaux du Jura reliant Saint-Claude \u00e0 Lons-le-Saunier via Conli\u00e8ge, Clairvaux, Meussia, Moirans-en-Montagne et Saint-Lupicin sont commenc\u00e9s. Le premier \u00ab\u00a0Tacot\u00a0\u00bb (petit train) relie Lons-le-Saunier \u00e0 Saint-Claude \u00e0 la fin de l&rsquo;ann\u00e9e.<\/li>\n<li>1948 : La ligne Lons-le-Saunier &#8211; Saint-Claude est ferm\u00e9e.<\/li>\n<li>1995 : R\u00e9novation de l&rsquo;\u00e9glise.<\/li>\n<li>2009-2010 : Construction de la nouvelle mairie en place et lieu de l&rsquo;ancienne poste communale.<\/li>\n<\/ul>\n<p><strong>Evolution de la population<\/strong><\/p>\n<p><img decoding=\"async\" loading=\"lazy\" class=\"wp-image-422 size-full alignleft\" src=\"http:\/\/meussia.fr\/wp-content\/uploads\/2018\/10\/Meussia_evol_population.jpg\" alt=\"\" width=\"760\" height=\"643\" srcset=\"https:\/\/meussia.fr\/wp-content\/uploads\/2018\/10\/Meussia_evol_population.jpg 760w, https:\/\/meussia.fr\/wp-content\/uploads\/2018\/10\/Meussia_evol_population-300x254.jpg 300w, https:\/\/meussia.fr\/wp-content\/uploads\/2018\/10\/Meussia_evol_population-150x127.jpg 150w\" sizes=\"(max-width: 760px) 100vw, 760px\" \/><\/p>\n<p>&nbsp;<\/p>\n<hr \/>\n<p><img decoding=\"async\" loading=\"lazy\" class=\"wp-image-508 size-full aligncenter\" src=\"http:\/\/meussia.fr\/wp-content\/uploads\/2018\/10\/DJI_0008.jpg\" alt=\"\" width=\"870\" height=\"653\" srcset=\"https:\/\/meussia.fr\/wp-content\/uploads\/2018\/10\/DJI_0008.jpg 870w, https:\/\/meussia.fr\/wp-content\/uploads\/2018\/10\/DJI_0008-300x225.jpg 300w, https:\/\/meussia.fr\/wp-content\/uploads\/2018\/10\/DJI_0008-768x576.jpg 768w, https:\/\/meussia.fr\/wp-content\/uploads\/2018\/10\/DJI_0008-150x113.jpg 150w\" sizes=\"(max-width: 870px) 100vw, 870px\" \/><\/p>\n<p>&nbsp;<\/p>\n<p>&nbsp;<\/p>\n","protected":false},"excerpt":{"rendered":"<p>Notre territoire se construit tous les jours : depuis la cr\u00e9ation du District Jura Sud en 1993, beaucoup d&rsquo;eau a coul\u00e9 dans la Bienne\u2026 C\u2019est dans un contexte national d\u2019\u00e9mergence de l\u2019intercommunalit\u00e9, que les communes du Canton de Moirans-en-Montagne, initialement regroup\u00e9es au sein du m\u00eame SIVOM, ont manifest\u00e9 en 1993\u2026<\/p>\n<p> <a class=\"continue-reading-link\" href=\"https:\/\/meussia.fr\/?page_id=24\"><span>Lire plus&#8230;<\/span><i class=\"crycon-right-dir\"><\/i><\/a><\/p>\n","protected":false},"author":1,"featured_media":0,"parent":0,"menu_order":8,"comment_status":"closed","ping_status":"closed","template":"","meta":[],"_links":{"self":[{"href":"https:\/\/meussia.fr\/index.php?rest_route=\/wp\/v2\/pages\/24"}],"collection":[{"href":"https:\/\/meussia.fr\/index.php?rest_route=\/wp\/v2\/pages"}],"about":[{"href":"https:\/\/meussia.fr\/index.php?rest_route=\/wp\/v2\/types\/page"}],"author":[{"embeddable":true,"href":"https:\/\/meussia.fr\/index.php?rest_route=\/wp\/v2\/users\/1"}],"replies":[{"embeddable":true,"href":"https:\/\/meussia.fr\/index.php?rest_route=%2Fwp%2Fv2%2Fcomments&post=24"}],"version-history":[{"count":11,"href":"https:\/\/meussia.fr\/index.php?rest_route=\/wp\/v2\/pages\/24\/revisions"}],"predecessor-version":[{"id":510,"href":"https:\/\/meussia.fr\/index.php?rest_route=\/wp\/v2\/pages\/24\/revisions\/510"}],"wp:attachment":[{"href":"https:\/\/meussia.fr\/index.php?rest_route=%2Fwp%2Fv2%2Fmedia&parent=24"}],"curies":[{"name":"wp","href":"https:\/\/api.w.org\/{rel}","templated":true}]}}