{"id":22,"date":"2017-10-25T18:16:46","date_gmt":"2017-10-25T16:16:46","guid":{"rendered":"http:\/\/meussia.fr\/?page_id=22"},"modified":"2020-05-31T19:50:31","modified_gmt":"2020-05-31T17:50:31","slug":"le-mot-du-maire","status":"publish","type":"page","link":"https:\/\/meussia.fr\/?page_id=22","title":{"rendered":"Le mot du maire"},"content":{"rendered":"<p><strong>Meussia \u00e0 l\u2019\u00e8re du num\u00e9rique<\/strong><\/p>\n<p>Gr\u00e2ce \u00e0 notre site internet, Meussia, notre charmant petit village est entr\u00e9 dans l\u2019\u00e8re du num\u00e9rique.<\/p>\n<p>Ainsi, ses habitants ont acc\u00e8s \u00e0 une multitude d\u2019informations, que ce soit les comptes rendus de conseils municipaux et les diff\u00e9rentes d\u00e9lib\u00e9rations, ou encore les horaires d\u2019ouverture de nos services publics mais aussi notre plan local d\u2019urbanisme. Ce nouveau moyen de communication, moderne et aujourd\u2019hui essentiel, facilitera le partage des informations n\u00e9cessaires \u00e0 tout un chacun.<\/p>\n<p>Mais ce site internet sera \u00e9galement le moyen, pour tous ceux qui le d\u00e9sirent, de d\u00e9couvrir ou de visiter virtuellement notre village et ainsi d\u2019y d\u00e9couvrir\u00a0:<\/p>\n<ul>\n<li>Une activit\u00e9 \u00e9conomique importante pour ses 430 habitants<\/li>\n<li>Une activit\u00e9 associative riche puisque chaque ann\u00e9e, ce sont une douzaine de manifestations diverses qui sont organis\u00e9es dans la commune<\/li>\n<li>Un environnement privil\u00e9gi\u00e9 puisque Meussia est situ\u00e9 \u00e0 4 kms du prestigieux lac de Vouglans, au c\u0153ur du PNR du Haut-Jura et au sein de la nouvelle communaut\u00e9 de communes, Terre d&rsquo;Emeraude.<\/li>\n<\/ul>\n<p>Cet environnement privil\u00e9gi\u00e9 conf\u00e8re \u00e0 notre village un cadre de vie d\u2019une grande qualit\u00e9 o\u00f9 j\u2019ai tendance \u00e0 croire qu\u2019il existe encore un lien social fort o\u00f9 chacun peut s\u2019\u00e9panouir et vivre en toute s\u00e9r\u00e9nit\u00e9.<\/p>\n<p style=\"text-align: right;\"><b>\u00a0<\/b><img decoding=\"async\" loading=\"lazy\" class=\"wp-image-505 size-full aligncenter\" src=\"http:\/\/meussia.fr\/wp-content\/uploads\/2018\/10\/le_village.jpg\" alt=\"\" width=\"870\" height=\"341\" srcset=\"https:\/\/meussia.fr\/wp-content\/uploads\/2018\/10\/le_village.jpg 870w, https:\/\/meussia.fr\/wp-content\/uploads\/2018\/10\/le_village-300x118.jpg 300w, https:\/\/meussia.fr\/wp-content\/uploads\/2018\/10\/le_village-768x301.jpg 768w, https:\/\/meussia.fr\/wp-content\/uploads\/2018\/10\/le_village-150x59.jpg 150w\" sizes=\"(max-width: 870px) 100vw, 870px\" \/><\/p>\n","protected":false},"excerpt":{"rendered":"<p>Meussia \u00e0 l\u2019\u00e8re du num\u00e9rique Gr\u00e2ce \u00e0 notre site internet, Meussia, notre charmant petit village est entr\u00e9 dans l\u2019\u00e8re du num\u00e9rique. Ainsi, ses habitants ont acc\u00e8s \u00e0 une multitude d\u2019informations, que ce soit les comptes rendus de conseils municipaux et les diff\u00e9rentes d\u00e9lib\u00e9rations, ou encore les horaires d\u2019ouverture de nos\u2026<\/p>\n<p> <a class=\"continue-reading-link\" href=\"https:\/\/meussia.fr\/?page_id=22\"><span>Lire plus&#8230;<\/span><i class=\"crycon-right-dir\"><\/i><\/a><\/p>\n","protected":false},"author":1,"featured_media":0,"parent":149,"menu_order":1,"comment_status":"closed","ping_status":"closed","template":"","meta":[],"_links":{"self":[{"href":"https:\/\/meussia.fr\/index.php?rest_route=\/wp\/v2\/pages\/22"}],"collection":[{"href":"https:\/\/meussia.fr\/index.php?rest_route=\/wp\/v2\/pages"}],"about":[{"href":"https:\/\/meussia.fr\/index.php?rest_route=\/wp\/v2\/types\/page"}],"author":[{"embeddable":true,"href":"https:\/\/meussia.fr\/index.php?rest_route=\/wp\/v2\/users\/1"}],"replies":[{"embeddable":true,"href":"https:\/\/meussia.fr\/index.php?rest_route=%2Fwp%2Fv2%2Fcomments&post=22"}],"version-history":[{"count":8,"href":"https:\/\/meussia.fr\/index.php?rest_route=\/wp\/v2\/pages\/22\/revisions"}],"predecessor-version":[{"id":1215,"href":"https:\/\/meussia.fr\/index.php?rest_route=\/wp\/v2\/pages\/22\/revisions\/1215"}],"up":[{"embeddable":true,"href":"https:\/\/meussia.fr\/index.php?rest_route=\/wp\/v2\/pages\/149"}],"wp:attachment":[{"href":"https:\/\/meussia.fr\/index.php?rest_route=%2Fwp%2Fv2%2Fmedia&parent=22"}],"curies":[{"name":"wp","href":"https:\/\/api.w.org\/{rel}","templated":true}]}}