{"id":189,"date":"2017-11-07T18:29:01","date_gmt":"2017-11-07T17:29:01","guid":{"rendered":"http:\/\/meussia.fr\/?page_id=189"},"modified":"2018-05-20T23:11:02","modified_gmt":"2018-05-20T21:11:02","slug":"la-diane-de-la-cimante","status":"publish","type":"page","link":"https:\/\/meussia.fr\/?page_id=189","title":{"rendered":"La Diane de la Cimante"},"content":{"rendered":"<p>Association Intercommunale de Chasse Agr\u00e9\u00e9s (AICA)<\/p>\n<p>Pr\u00e9sident : Jean-Luc GAY<br \/>\nL\u2019association accueille les passionn\u00e9s de<br \/>\nchasse. Contact : jeanlgay@orange.fr<\/p>\n","protected":false},"excerpt":{"rendered":"<p>Association Intercommunale de Chasse Agr\u00e9\u00e9s (AICA) Pr\u00e9sident : Jean-Luc GAY L\u2019association accueille les passionn\u00e9s de chasse. Contact : jeanlgay@orange.fr<\/p>\n<p> <a class=\"continue-reading-link\" href=\"https:\/\/meussia.fr\/?page_id=189\"><span>Lire plus&#8230;<\/span><i class=\"crycon-right-dir\"><\/i><\/a><\/p>\n","protected":false},"author":1,"featured_media":0,"parent":177,"menu_order":5,"comment_status":"closed","ping_status":"closed","template":"","meta":[],"_links":{"self":[{"href":"https:\/\/meussia.fr\/index.php?rest_route=\/wp\/v2\/pages\/189"}],"collection":[{"href":"https:\/\/meussia.fr\/index.php?rest_route=\/wp\/v2\/pages"}],"about":[{"href":"https:\/\/meussia.fr\/index.php?rest_route=\/wp\/v2\/types\/page"}],"author":[{"embeddable":true,"href":"https:\/\/meussia.fr\/index.php?rest_route=\/wp\/v2\/users\/1"}],"replies":[{"embeddable":true,"href":"https:\/\/meussia.fr\/index.php?rest_route=%2Fwp%2Fv2%2Fcomments&post=189"}],"version-history":[{"count":2,"href":"https:\/\/meussia.fr\/index.php?rest_route=\/wp\/v2\/pages\/189\/revisions"}],"predecessor-version":[{"id":333,"href":"https:\/\/meussia.fr\/index.php?rest_route=\/wp\/v2\/pages\/189\/revisions\/333"}],"up":[{"embeddable":true,"href":"https:\/\/meussia.fr\/index.php?rest_route=\/wp\/v2\/pages\/177"}],"wp:attachment":[{"href":"https:\/\/meussia.fr\/index.php?rest_route=%2Fwp%2Fv2%2Fmedia&parent=189"}],"curies":[{"name":"wp","href":"https:\/\/api.w.org\/{rel}","templated":true}]}}