{"id":187,"date":"2017-11-07T18:28:42","date_gmt":"2017-11-07T17:28:42","guid":{"rendered":"http:\/\/meussia.fr\/?page_id=187"},"modified":"2018-05-20T23:07:12","modified_gmt":"2018-05-20T21:07:12","slug":"lamicale-des-anciens-pompiers","status":"publish","type":"page","link":"https:\/\/meussia.fr\/?page_id=187","title":{"rendered":"L&rsquo;amicale des anciens pompiers"},"content":{"rendered":"<p>Pr\u00e9sident : R\u00e9my H\u00d4TE<br \/>\nCette association regroupe les anciens<br \/>\npompiers de Meussia.<br \/>\nContact : 07 61 13 46 42<\/p>\n","protected":false},"excerpt":{"rendered":"<p>Pr\u00e9sident : R\u00e9my H\u00d4TE Cette association regroupe les anciens pompiers de Meussia. Contact : 07 61 13 46 42<\/p>\n<p> <a class=\"continue-reading-link\" href=\"https:\/\/meussia.fr\/?page_id=187\"><span>Lire plus&#8230;<\/span><i class=\"crycon-right-dir\"><\/i><\/a><\/p>\n","protected":false},"author":1,"featured_media":0,"parent":177,"menu_order":5,"comment_status":"closed","ping_status":"closed","template":"","meta":[],"_links":{"self":[{"href":"https:\/\/meussia.fr\/index.php?rest_route=\/wp\/v2\/pages\/187"}],"collection":[{"href":"https:\/\/meussia.fr\/index.php?rest_route=\/wp\/v2\/pages"}],"about":[{"href":"https:\/\/meussia.fr\/index.php?rest_route=\/wp\/v2\/types\/page"}],"author":[{"embeddable":true,"href":"https:\/\/meussia.fr\/index.php?rest_route=\/wp\/v2\/users\/1"}],"replies":[{"embeddable":true,"href":"https:\/\/meussia.fr\/index.php?rest_route=%2Fwp%2Fv2%2Fcomments&post=187"}],"version-history":[{"count":2,"href":"https:\/\/meussia.fr\/index.php?rest_route=\/wp\/v2\/pages\/187\/revisions"}],"predecessor-version":[{"id":329,"href":"https:\/\/meussia.fr\/index.php?rest_route=\/wp\/v2\/pages\/187\/revisions\/329"}],"up":[{"embeddable":true,"href":"https:\/\/meussia.fr\/index.php?rest_route=\/wp\/v2\/pages\/177"}],"wp:attachment":[{"href":"https:\/\/meussia.fr\/index.php?rest_route=%2Fwp%2Fv2%2Fmedia&parent=187"}],"curies":[{"name":"wp","href":"https:\/\/api.w.org\/{rel}","templated":true}]}}