{"id":181,"date":"2017-11-07T18:27:35","date_gmt":"2017-11-07T17:27:35","guid":{"rendered":"http:\/\/meussia.fr\/?page_id=181"},"modified":"2018-05-20T23:07:55","modified_gmt":"2018-05-20T21:07:55","slug":"le-fc-pont-de-la-pyle","status":"publish","type":"page","link":"https:\/\/meussia.fr\/?page_id=181","title":{"rendered":"Le FC pont de la Pyle"},"content":{"rendered":"<p>Pr\u00e9sidente : Nathalie CHARRI\u00c8RE<br \/>\nLe Football Club Pont de la Pyle compte<br \/>\npr\u00e8s de 120 licenci\u00e9s jeunes et adultes.<br \/>\nContact : 06 71 31 33 15<\/p>\n","protected":false},"excerpt":{"rendered":"<p>Pr\u00e9sidente : Nathalie CHARRI\u00c8RE Le Football Club Pont de la Pyle compte pr\u00e8s de 120 licenci\u00e9s jeunes et adultes. Contact : 06 71 31 33 15<\/p>\n<p> <a class=\"continue-reading-link\" href=\"https:\/\/meussia.fr\/?page_id=181\"><span>Lire plus&#8230;<\/span><i class=\"crycon-right-dir\"><\/i><\/a><\/p>\n","protected":false},"author":1,"featured_media":0,"parent":177,"menu_order":2,"comment_status":"closed","ping_status":"closed","template":"","meta":[],"_links":{"self":[{"href":"https:\/\/meussia.fr\/index.php?rest_route=\/wp\/v2\/pages\/181"}],"collection":[{"href":"https:\/\/meussia.fr\/index.php?rest_route=\/wp\/v2\/pages"}],"about":[{"href":"https:\/\/meussia.fr\/index.php?rest_route=\/wp\/v2\/types\/page"}],"author":[{"embeddable":true,"href":"https:\/\/meussia.fr\/index.php?rest_route=\/wp\/v2\/users\/1"}],"replies":[{"embeddable":true,"href":"https:\/\/meussia.fr\/index.php?rest_route=%2Fwp%2Fv2%2Fcomments&post=181"}],"version-history":[{"count":2,"href":"https:\/\/meussia.fr\/index.php?rest_route=\/wp\/v2\/pages\/181\/revisions"}],"predecessor-version":[{"id":330,"href":"https:\/\/meussia.fr\/index.php?rest_route=\/wp\/v2\/pages\/181\/revisions\/330"}],"up":[{"embeddable":true,"href":"https:\/\/meussia.fr\/index.php?rest_route=\/wp\/v2\/pages\/177"}],"wp:attachment":[{"href":"https:\/\/meussia.fr\/index.php?rest_route=%2Fwp%2Fv2%2Fmedia&parent=181"}],"curies":[{"name":"wp","href":"https:\/\/api.w.org\/{rel}","templated":true}]}}