{"id":169,"date":"2017-11-07T18:25:08","date_gmt":"2017-11-07T17:25:08","guid":{"rendered":"http:\/\/meussia.fr\/?page_id=169"},"modified":"2019-11-24T18:49:01","modified_gmt":"2019-11-24T17:49:01","slug":"la-salle-communale","status":"publish","type":"page","link":"https:\/\/meussia.fr\/?page_id=169","title":{"rendered":"La salle communale"},"content":{"rendered":"<p><strong>Tarif des locations\u00a0<\/strong><\/p>\n<ul>\n<li><strong>personne habitant la commune :<\/strong><br \/>\n&#8211; salle du bas : 32 euros<br \/>\n&#8211; salle du haut et du bas : 80 euros<br \/>\navec vaisselle : 100 euros<\/li>\n<li><strong>personne ext\u00e9rieure \u00e0 la commune :<\/strong><br \/>\n&#8211; salle du bas : 50 euros<br \/>\n&#8211; salle du haut : 160 euros<br \/>\navec vaisselle : 200 euros<\/li>\n<\/ul>\n<p>A ce tarif, s&rsquo;ajoute la consommation \u00e9lectrique durant la location.<br \/>\nUn ch\u00e8que de caution de 155 euros est demand\u00e9 \u00e0 la r\u00e9servation et un \u00e9tat<br \/>\ndes lieux est fait au retour des cl\u00e9s.<\/p>\n<p><img decoding=\"async\" loading=\"lazy\" class=\"wp-image-455 size-full aligncenter\" src=\"http:\/\/meussia.fr\/wp-content\/uploads\/2018\/10\/P1210645.jpg\" alt=\"\" width=\"870\" height=\"556\" srcset=\"https:\/\/meussia.fr\/wp-content\/uploads\/2018\/10\/P1210645.jpg 870w, https:\/\/meussia.fr\/wp-content\/uploads\/2018\/10\/P1210645-300x192.jpg 300w, https:\/\/meussia.fr\/wp-content\/uploads\/2018\/10\/P1210645-768x491.jpg 768w, https:\/\/meussia.fr\/wp-content\/uploads\/2018\/10\/P1210645-150x96.jpg 150w\" sizes=\"(max-width: 870px) 100vw, 870px\" \/><\/p>\n<p><img decoding=\"async\" loading=\"lazy\" class=\"wp-image-456 size-full aligncenter\" src=\"http:\/\/meussia.fr\/wp-content\/uploads\/2018\/10\/P1210647.jpg\" alt=\"\" width=\"870\" height=\"583\" srcset=\"https:\/\/meussia.fr\/wp-content\/uploads\/2018\/10\/P1210647.jpg 870w, https:\/\/meussia.fr\/wp-content\/uploads\/2018\/10\/P1210647-300x201.jpg 300w, https:\/\/meussia.fr\/wp-content\/uploads\/2018\/10\/P1210647-768x515.jpg 768w, https:\/\/meussia.fr\/wp-content\/uploads\/2018\/10\/P1210647-150x101.jpg 150w\" sizes=\"(max-width: 870px) 100vw, 870px\" \/><\/p>\n<p><img decoding=\"async\" loading=\"lazy\" class=\"aligncenter wp-image-457 size-full\" src=\"http:\/\/meussia.fr\/wp-content\/uploads\/2018\/10\/P1210649.jpg\" alt=\"\" width=\"870\" height=\"653\" srcset=\"https:\/\/meussia.fr\/wp-content\/uploads\/2018\/10\/P1210649.jpg 870w, https:\/\/meussia.fr\/wp-content\/uploads\/2018\/10\/P1210649-300x225.jpg 300w, https:\/\/meussia.fr\/wp-content\/uploads\/2018\/10\/P1210649-768x576.jpg 768w, https:\/\/meussia.fr\/wp-content\/uploads\/2018\/10\/P1210649-150x113.jpg 150w\" sizes=\"(max-width: 870px) 100vw, 870px\" \/><\/p>\n","protected":false},"excerpt":{"rendered":"<p>Tarif des locations\u00a0 personne habitant la commune : &#8211; salle du bas : 32 euros &#8211; salle du haut et du bas : 80 euros avec vaisselle : 100 euros personne ext\u00e9rieure \u00e0 la commune : &#8211; salle du bas : 50 euros &#8211; salle du haut : 160 euros\u2026<\/p>\n<p> <a class=\"continue-reading-link\" href=\"https:\/\/meussia.fr\/?page_id=169\"><span>Lire plus&#8230;<\/span><i class=\"crycon-right-dir\"><\/i><\/a><\/p>\n","protected":false},"author":1,"featured_media":0,"parent":167,"menu_order":1,"comment_status":"closed","ping_status":"closed","template":"","meta":[],"_links":{"self":[{"href":"https:\/\/meussia.fr\/index.php?rest_route=\/wp\/v2\/pages\/169"}],"collection":[{"href":"https:\/\/meussia.fr\/index.php?rest_route=\/wp\/v2\/pages"}],"about":[{"href":"https:\/\/meussia.fr\/index.php?rest_route=\/wp\/v2\/types\/page"}],"author":[{"embeddable":true,"href":"https:\/\/meussia.fr\/index.php?rest_route=\/wp\/v2\/users\/1"}],"replies":[{"embeddable":true,"href":"https:\/\/meussia.fr\/index.php?rest_route=%2Fwp%2Fv2%2Fcomments&post=169"}],"version-history":[{"count":7,"href":"https:\/\/meussia.fr\/index.php?rest_route=\/wp\/v2\/pages\/169\/revisions"}],"predecessor-version":[{"id":924,"href":"https:\/\/meussia.fr\/index.php?rest_route=\/wp\/v2\/pages\/169\/revisions\/924"}],"up":[{"embeddable":true,"href":"https:\/\/meussia.fr\/index.php?rest_route=\/wp\/v2\/pages\/167"}],"wp:attachment":[{"href":"https:\/\/meussia.fr\/index.php?rest_route=%2Fwp%2Fv2%2Fmedia&parent=169"}],"curies":[{"name":"wp","href":"https:\/\/api.w.org\/{rel}","templated":true}]}}