{"id":165,"date":"2017-11-07T18:24:33","date_gmt":"2017-11-07T17:24:33","guid":{"rendered":"http:\/\/meussia.fr\/?page_id=165"},"modified":"2020-04-01T14:00:05","modified_gmt":"2020-04-01T12:00:05","slug":"la-reserve-communale-de-securite-civile","status":"publish","type":"page","link":"https:\/\/meussia.fr\/?page_id=165","title":{"rendered":"La r\u00e9serve communale de s\u00e9curit\u00e9 civile"},"content":{"rendered":"<p><img decoding=\"async\" loading=\"lazy\" class=\"alignnone size-medium wp-image-550 alignright\" src=\"http:\/\/meussia.fr\/wp-content\/uploads\/2019\/01\/IMG_0004-Copie-300x213.jpg\" alt=\"\" width=\"300\" height=\"213\" srcset=\"https:\/\/meussia.fr\/wp-content\/uploads\/2019\/01\/IMG_0004-Copie-300x213.jpg 300w, https:\/\/meussia.fr\/wp-content\/uploads\/2019\/01\/IMG_0004-Copie-768x545.jpg 768w, https:\/\/meussia.fr\/wp-content\/uploads\/2019\/01\/IMG_0004-Copie-1024x727.jpg 1024w, https:\/\/meussia.fr\/wp-content\/uploads\/2019\/01\/IMG_0004-Copie-150x107.jpg 150w\" sizes=\"(max-width: 300px) 100vw, 300px\" \/>La municipalit\u00e9 a cr\u00e9\u00e9 une r\u00e9serve communale de s\u00e9curit\u00e9 civile.<\/p>\n<p>Plac\u00e9e sous l\u2019autorit\u00e9 du maire, elle est compos\u00e9e de personnes b\u00e9n\u00e9voles qui participent au soutien et \u00e0 l\u2019assistance de la population et \u00e0 l\u2019appui logistique.<\/p>\n<p>&nbsp;<\/p>\n<p><img decoding=\"async\" loading=\"lazy\" class=\"wp-image-512 size-full aligncenter\" src=\"http:\/\/meussia.fr\/wp-content\/uploads\/2018\/10\/village-meussia2.jpg\" alt=\"\" width=\"870\" height=\"413\" srcset=\"https:\/\/meussia.fr\/wp-content\/uploads\/2018\/10\/village-meussia2.jpg 870w, https:\/\/meussia.fr\/wp-content\/uploads\/2018\/10\/village-meussia2-300x142.jpg 300w, https:\/\/meussia.fr\/wp-content\/uploads\/2018\/10\/village-meussia2-768x365.jpg 768w, https:\/\/meussia.fr\/wp-content\/uploads\/2018\/10\/village-meussia2-150x71.jpg 150w\" sizes=\"(max-width: 870px) 100vw, 870px\" \/><\/p>\n","protected":false},"excerpt":{"rendered":"<p>La municipalit\u00e9 a cr\u00e9\u00e9 une r\u00e9serve communale de s\u00e9curit\u00e9 civile. Plac\u00e9e sous l\u2019autorit\u00e9 du maire, elle est compos\u00e9e de personnes b\u00e9n\u00e9voles qui participent au soutien et \u00e0 l\u2019assistance de la population et \u00e0 l\u2019appui logistique. &nbsp;<\/p>\n<p> <a class=\"continue-reading-link\" href=\"https:\/\/meussia.fr\/?page_id=165\"><span>Lire plus&#8230;<\/span><i class=\"crycon-right-dir\"><\/i><\/a><\/p>\n","protected":false},"author":1,"featured_media":0,"parent":153,"menu_order":2,"comment_status":"closed","ping_status":"closed","template":"","meta":[],"_links":{"self":[{"href":"https:\/\/meussia.fr\/index.php?rest_route=\/wp\/v2\/pages\/165"}],"collection":[{"href":"https:\/\/meussia.fr\/index.php?rest_route=\/wp\/v2\/pages"}],"about":[{"href":"https:\/\/meussia.fr\/index.php?rest_route=\/wp\/v2\/types\/page"}],"author":[{"embeddable":true,"href":"https:\/\/meussia.fr\/index.php?rest_route=\/wp\/v2\/users\/1"}],"replies":[{"embeddable":true,"href":"https:\/\/meussia.fr\/index.php?rest_route=%2Fwp%2Fv2%2Fcomments&post=165"}],"version-history":[{"count":7,"href":"https:\/\/meussia.fr\/index.php?rest_route=\/wp\/v2\/pages\/165\/revisions"}],"predecessor-version":[{"id":552,"href":"https:\/\/meussia.fr\/index.php?rest_route=\/wp\/v2\/pages\/165\/revisions\/552"}],"up":[{"embeddable":true,"href":"https:\/\/meussia.fr\/index.php?rest_route=\/wp\/v2\/pages\/153"}],"wp:attachment":[{"href":"https:\/\/meussia.fr\/index.php?rest_route=%2Fwp%2Fv2%2Fmedia&parent=165"}],"curies":[{"name":"wp","href":"https:\/\/api.w.org\/{rel}","templated":true}]}}