{"id":161,"date":"2017-11-07T18:22:30","date_gmt":"2017-11-07T17:22:30","guid":{"rendered":"http:\/\/meussia.fr\/?page_id=161"},"modified":"2019-06-18T19:01:14","modified_gmt":"2019-06-18T17:01:14","slug":"les-assistantes-maternelles","status":"publish","type":"page","link":"https:\/\/meussia.fr\/?page_id=161","title":{"rendered":"Les assistantes maternelles"},"content":{"rendered":"<p>Plusieurs assistantes maternelles agr\u00e9\u00e9es exercent leur activit\u00e9 au sein de la commune.<br \/>\nLa liste compl\u00e8te sur l&rsquo;ensemble de l&rsquo;unit\u00e9 territoriale de St Claude est disponible <a href=\"http:\/\/meussia.fr\/wp-content\/uploads\/2019\/06\/assistantes-maternelles-juin-2019.pdf\">ICI<\/a><\/p>\n<p>&nbsp;<\/p>\n","protected":false},"excerpt":{"rendered":"<p>Plusieurs assistantes maternelles agr\u00e9\u00e9es exercent leur activit\u00e9 au sein de la commune. La liste compl\u00e8te sur l&rsquo;ensemble de l&rsquo;unit\u00e9 territoriale de St Claude est disponible ICI &nbsp;<\/p>\n<p> <a class=\"continue-reading-link\" href=\"https:\/\/meussia.fr\/?page_id=161\"><span>Lire plus&#8230;<\/span><i class=\"crycon-right-dir\"><\/i><\/a><\/p>\n","protected":false},"author":1,"featured_media":0,"parent":155,"menu_order":3,"comment_status":"closed","ping_status":"closed","template":"","meta":[],"_links":{"self":[{"href":"https:\/\/meussia.fr\/index.php?rest_route=\/wp\/v2\/pages\/161"}],"collection":[{"href":"https:\/\/meussia.fr\/index.php?rest_route=\/wp\/v2\/pages"}],"about":[{"href":"https:\/\/meussia.fr\/index.php?rest_route=\/wp\/v2\/types\/page"}],"author":[{"embeddable":true,"href":"https:\/\/meussia.fr\/index.php?rest_route=\/wp\/v2\/users\/1"}],"replies":[{"embeddable":true,"href":"https:\/\/meussia.fr\/index.php?rest_route=%2Fwp%2Fv2%2Fcomments&post=161"}],"version-history":[{"count":5,"href":"https:\/\/meussia.fr\/index.php?rest_route=\/wp\/v2\/pages\/161\/revisions"}],"predecessor-version":[{"id":777,"href":"https:\/\/meussia.fr\/index.php?rest_route=\/wp\/v2\/pages\/161\/revisions\/777"}],"up":[{"embeddable":true,"href":"https:\/\/meussia.fr\/index.php?rest_route=\/wp\/v2\/pages\/155"}],"wp:attachment":[{"href":"https:\/\/meussia.fr\/index.php?rest_route=%2Fwp%2Fv2%2Fmedia&parent=161"}],"curies":[{"name":"wp","href":"https:\/\/api.w.org\/{rel}","templated":true}]}}