{"id":16,"date":"2017-10-25T18:16:03","date_gmt":"2017-10-25T16:16:03","guid":{"rendered":"http:\/\/meussia.fr\/?page_id=16"},"modified":"2021-08-27T09:18:39","modified_gmt":"2021-08-27T07:18:39","slug":"accueil-et-permanence","status":"publish","type":"page","link":"https:\/\/meussia.fr\/?page_id=16","title":{"rendered":"Accueil et permanence"},"content":{"rendered":"<p><img decoding=\"async\" loading=\"lazy\" class=\"size-medium wp-image-431 alignright\" src=\"http:\/\/meussia.fr\/wp-content\/uploads\/2018\/10\/P1210536-300x212.jpg\" alt=\"\" width=\"300\" height=\"212\" srcset=\"https:\/\/meussia.fr\/wp-content\/uploads\/2018\/10\/P1210536-300x212.jpg 300w, https:\/\/meussia.fr\/wp-content\/uploads\/2018\/10\/P1210536-768x543.jpg 768w, https:\/\/meussia.fr\/wp-content\/uploads\/2018\/10\/P1210536-150x106.jpg 150w, https:\/\/meussia.fr\/wp-content\/uploads\/2018\/10\/P1210536.jpg 870w\" sizes=\"(max-width: 300px) 100vw, 300px\" \/><strong>Permanence t\u00e9l\u00e9phonique<\/strong><\/p>\n<p>Mardi et vendredi<\/p>\n<p>de 08h \u00e0 12h et de 14h \u00e0 19h<\/p>\n<p><strong>Ouverture au public<\/strong><\/p>\n<p>Mardi et vendredi de 17h \u00e0 19h<\/p>\n<p>Tel : 03 84 42 01 81<\/p>\n<p><strong>Courriel<\/strong> :\u00a0 mairiemeussia @ wanadoo.fr<\/p>\n<p><img decoding=\"async\" loading=\"lazy\" class=\"wp-image-343 size-large aligncenter\" src=\"http:\/\/meussia.fr\/wp-content\/uploads\/2018\/05\/P1180099-1024x683.jpg\" alt=\"\" width=\"900\" height=\"600\" srcset=\"https:\/\/meussia.fr\/wp-content\/uploads\/2018\/05\/P1180099-1024x683.jpg 1024w, https:\/\/meussia.fr\/wp-content\/uploads\/2018\/05\/P1180099-300x200.jpg 300w, https:\/\/meussia.fr\/wp-content\/uploads\/2018\/05\/P1180099-768x512.jpg 768w, https:\/\/meussia.fr\/wp-content\/uploads\/2018\/05\/P1180099-150x100.jpg 150w, https:\/\/meussia.fr\/wp-content\/uploads\/2018\/05\/P1180099.jpg 1200w\" sizes=\"(max-width: 900px) 100vw, 900px\" \/><\/p>\n","protected":false},"excerpt":{"rendered":"<p>Permanence t\u00e9l\u00e9phonique Mardi et vendredi de 08h \u00e0 12h et de 14h \u00e0 19h Ouverture au public Mardi et vendredi de 17h \u00e0 19h Tel : 03 84 42 01 81 Courriel :\u00a0 mairiemeussia @ wanadoo.fr<\/p>\n<p> <a class=\"continue-reading-link\" href=\"https:\/\/meussia.fr\/?page_id=16\"><span>Lire plus&#8230;<\/span><i class=\"crycon-right-dir\"><\/i><\/a><\/p>\n","protected":false},"author":1,"featured_media":0,"parent":149,"menu_order":3,"comment_status":"closed","ping_status":"closed","template":"","meta":[],"_links":{"self":[{"href":"https:\/\/meussia.fr\/index.php?rest_route=\/wp\/v2\/pages\/16"}],"collection":[{"href":"https:\/\/meussia.fr\/index.php?rest_route=\/wp\/v2\/pages"}],"about":[{"href":"https:\/\/meussia.fr\/index.php?rest_route=\/wp\/v2\/types\/page"}],"author":[{"embeddable":true,"href":"https:\/\/meussia.fr\/index.php?rest_route=\/wp\/v2\/users\/1"}],"replies":[{"embeddable":true,"href":"https:\/\/meussia.fr\/index.php?rest_route=%2Fwp%2Fv2%2Fcomments&post=16"}],"version-history":[{"count":7,"href":"https:\/\/meussia.fr\/index.php?rest_route=\/wp\/v2\/pages\/16\/revisions"}],"predecessor-version":[{"id":1648,"href":"https:\/\/meussia.fr\/index.php?rest_route=\/wp\/v2\/pages\/16\/revisions\/1648"}],"up":[{"embeddable":true,"href":"https:\/\/meussia.fr\/index.php?rest_route=\/wp\/v2\/pages\/149"}],"wp:attachment":[{"href":"https:\/\/meussia.fr\/index.php?rest_route=%2Fwp%2Fv2%2Fmedia&parent=16"}],"curies":[{"name":"wp","href":"https:\/\/api.w.org\/{rel}","templated":true}]}}