{"id":157,"date":"2017-11-07T18:21:19","date_gmt":"2017-11-07T17:21:19","guid":{"rendered":"http:\/\/meussia.fr\/?page_id=157"},"modified":"2020-11-15T21:43:29","modified_gmt":"2020-11-15T20:43:29","slug":"lecole","status":"publish","type":"page","link":"https:\/\/meussia.fr\/?page_id=157","title":{"rendered":"L&rsquo;\u00e9cole"},"content":{"rendered":"<p>La commune de Meussia fait partie du RPI \u00ab En Sapey \u00bb, avec les communes de Charchilla, Coyron et Maisod.<\/p>\n<p>L&rsquo;\u00e9cole de Meussia accueille les classes de primaire (CE1 ; CE2 ; CM1 ; CM2) et celle de Charchilla, les \u00e9l\u00e8ves de maternelle et CP.<\/p>\n<p>Un service p\u00e9riscolaire (cantine et garderie) est assur\u00e9 \u00e0 Charchilla.<\/p>\n<p>\u00c9cole de Meussia &#8211; T\u00e9l : 03 84 42 05 96<\/p>\n<p><img decoding=\"async\" loading=\"lazy\" class=\"wp-image-439 size-full aligncenter\" src=\"http:\/\/meussia.fr\/wp-content\/uploads\/2018\/10\/P1210581.jpg\" alt=\"\" width=\"870\" height=\"653\" srcset=\"https:\/\/meussia.fr\/wp-content\/uploads\/2018\/10\/P1210581.jpg 870w, https:\/\/meussia.fr\/wp-content\/uploads\/2018\/10\/P1210581-300x225.jpg 300w, https:\/\/meussia.fr\/wp-content\/uploads\/2018\/10\/P1210581-768x576.jpg 768w, https:\/\/meussia.fr\/wp-content\/uploads\/2018\/10\/P1210581-150x113.jpg 150w\" sizes=\"(max-width: 870px) 100vw, 870px\" \/><\/p>\n<p>&nbsp;<\/p>\n","protected":false},"excerpt":{"rendered":"<p>La commune de Meussia fait partie du RPI \u00ab En Sapey \u00bb, avec les communes de Charchilla, Coyron et Maisod. L&rsquo;\u00e9cole de Meussia accueille les classes de primaire (CE1 ; CE2 ; CM1 ; CM2) et celle de Charchilla, les \u00e9l\u00e8ves de maternelle et CP. Un service p\u00e9riscolaire (cantine et\u2026<\/p>\n<p> <a class=\"continue-reading-link\" href=\"https:\/\/meussia.fr\/?page_id=157\"><span>Lire plus&#8230;<\/span><i class=\"crycon-right-dir\"><\/i><\/a><\/p>\n","protected":false},"author":1,"featured_media":0,"parent":155,"menu_order":0,"comment_status":"closed","ping_status":"closed","template":"","meta":[],"_links":{"self":[{"href":"https:\/\/meussia.fr\/index.php?rest_route=\/wp\/v2\/pages\/157"}],"collection":[{"href":"https:\/\/meussia.fr\/index.php?rest_route=\/wp\/v2\/pages"}],"about":[{"href":"https:\/\/meussia.fr\/index.php?rest_route=\/wp\/v2\/types\/page"}],"author":[{"embeddable":true,"href":"https:\/\/meussia.fr\/index.php?rest_route=\/wp\/v2\/users\/1"}],"replies":[{"embeddable":true,"href":"https:\/\/meussia.fr\/index.php?rest_route=%2Fwp%2Fv2%2Fcomments&post=157"}],"version-history":[{"count":12,"href":"https:\/\/meussia.fr\/index.php?rest_route=\/wp\/v2\/pages\/157\/revisions"}],"predecessor-version":[{"id":1439,"href":"https:\/\/meussia.fr\/index.php?rest_route=\/wp\/v2\/pages\/157\/revisions\/1439"}],"up":[{"embeddable":true,"href":"https:\/\/meussia.fr\/index.php?rest_route=\/wp\/v2\/pages\/155"}],"wp:attachment":[{"href":"https:\/\/meussia.fr\/index.php?rest_route=%2Fwp%2Fv2%2Fmedia&parent=157"}],"curies":[{"name":"wp","href":"https:\/\/api.w.org\/{rel}","templated":true}]}}