{"id":131,"date":"2017-10-27T15:35:49","date_gmt":"2017-10-27T13:35:49","guid":{"rendered":"http:\/\/meussia.fr\/?page_id=131"},"modified":"2024-07-05T18:38:25","modified_gmt":"2024-07-05T16:38:25","slug":"info-pratiques","status":"publish","type":"page","link":"https:\/\/meussia.fr\/?page_id=131","title":{"rendered":"Infos pratiques"},"content":{"rendered":"<p><strong>Ordures m\u00e9nag\u00e8res<\/strong><\/p>\n<p><img decoding=\"async\" loading=\"lazy\" class=\"wp-image-345 size-medium alignright\" src=\"http:\/\/meussia.fr\/wp-content\/uploads\/2018\/05\/P1170277-300x168.jpg\" alt=\"\" width=\"300\" height=\"168\" srcset=\"https:\/\/meussia.fr\/wp-content\/uploads\/2018\/05\/P1170277-300x168.jpg 300w, https:\/\/meussia.fr\/wp-content\/uploads\/2018\/05\/P1170277-768x431.jpg 768w, https:\/\/meussia.fr\/wp-content\/uploads\/2018\/05\/P1170277.jpg 1024w, https:\/\/meussia.fr\/wp-content\/uploads\/2018\/05\/P1170277-150x84.jpg 150w\" sizes=\"(max-width: 300px) 100vw, 300px\" \/><\/p>\n<p><strong>Mise en service des conteneurs semi-enterr\u00e9s \u00ab\u00a0d\u00e9chets\u00a0\u00bb et \u00ab\u00a0emballages\u00a0\u00bb en quatre points de collecte (D27 rue de Champagne\/Rue sous la Tour\/Grande rue\/Rue de Giron).\u00a0<\/strong><\/p>\n<p>La d\u00e9chetterie de Moirans en Montagne est g\u00e9r\u00e9e par le SICTOM du Haut-Jura.<br \/>\nAdresse :\u00a0 lieu-dit Grange au Guy<br \/>\nT\u00e9l :\u00a0 03 84 42 63 32<\/p>\n<p><strong>D\u00e9chets accept\u00e9s<\/strong> :<img decoding=\"async\" loading=\"lazy\" class=\"size-medium wp-image-465 alignright\" src=\"http:\/\/meussia.fr\/wp-content\/uploads\/2018\/10\/P1210743-300x171.jpg\" alt=\"\" width=\"300\" height=\"171\" srcset=\"https:\/\/meussia.fr\/wp-content\/uploads\/2018\/10\/P1210743-300x171.jpg 300w, https:\/\/meussia.fr\/wp-content\/uploads\/2018\/10\/P1210743-768x437.jpg 768w, https:\/\/meussia.fr\/wp-content\/uploads\/2018\/10\/P1210743-150x85.jpg 150w, https:\/\/meussia.fr\/wp-content\/uploads\/2018\/10\/P1210743.jpg 870w\" sizes=\"(max-width: 300px) 100vw, 300px\" \/><br \/>\nTout venant, gravats, d\u00e9chets verts, bois, ferrailles,<br \/>\npneus, cartons, papiers, verre, huiles v\u00e9g\u00e9tales et<br \/>\nmin\u00e9rales, piles, batteries, peintures, solvants, DEEE,<br \/>\nn\u00e9ons, phytosanitaire, textiles, cartouches imprimante.<\/p>\n<p><strong>Ouverture<br \/>\n<\/strong>Du mercredi au samedi : 8h15 &#8211; 12h45 et 13h15 &#8211; 17h00<\/p>\n<p><img decoding=\"async\" loading=\"lazy\" class=\"wp-image-448 size-full aligncenter\" src=\"http:\/\/meussia.fr\/wp-content\/uploads\/2018\/10\/P1210623.jpg\" alt=\"\" width=\"870\" height=\"724\" srcset=\"https:\/\/meussia.fr\/wp-content\/uploads\/2018\/10\/P1210623.jpg 870w, https:\/\/meussia.fr\/wp-content\/uploads\/2018\/10\/P1210623-300x250.jpg 300w, https:\/\/meussia.fr\/wp-content\/uploads\/2018\/10\/P1210623-768x639.jpg 768w, https:\/\/meussia.fr\/wp-content\/uploads\/2018\/10\/P1210623-150x125.jpg 150w\" sizes=\"(max-width: 870px) 100vw, 870px\" \/><\/p>\n<p><strong><img decoding=\"async\" loading=\"lazy\" class=\"wp-image-449 size-full aligncenter\" src=\"http:\/\/meussia.fr\/wp-content\/uploads\/2018\/10\/P1210625.jpg\" alt=\"\" width=\"870\" height=\"915\" srcset=\"https:\/\/meussia.fr\/wp-content\/uploads\/2018\/10\/P1210625.jpg 870w, https:\/\/meussia.fr\/wp-content\/uploads\/2018\/10\/P1210625-285x300.jpg 285w, https:\/\/meussia.fr\/wp-content\/uploads\/2018\/10\/P1210625-768x808.jpg 768w, https:\/\/meussia.fr\/wp-content\/uploads\/2018\/10\/P1210625-143x150.jpg 143w\" sizes=\"(max-width: 870px) 100vw, 870px\" \/><\/strong><\/p>\n<p><img decoding=\"async\" loading=\"lazy\" class=\"wp-image-450 size-full aligncenter\" src=\"http:\/\/meussia.fr\/wp-content\/uploads\/2018\/10\/P1210631.jpg\" alt=\"\" width=\"870\" height=\"530\" srcset=\"https:\/\/meussia.fr\/wp-content\/uploads\/2018\/10\/P1210631.jpg 870w, https:\/\/meussia.fr\/wp-content\/uploads\/2018\/10\/P1210631-300x183.jpg 300w, https:\/\/meussia.fr\/wp-content\/uploads\/2018\/10\/P1210631-768x468.jpg 768w, https:\/\/meussia.fr\/wp-content\/uploads\/2018\/10\/P1210631-150x91.jpg 150w\" sizes=\"(max-width: 870px) 100vw, 870px\" \/><\/p>\n","protected":false},"excerpt":{"rendered":"<p>Ordures m\u00e9nag\u00e8res Mise en service des conteneurs semi-enterr\u00e9s \u00ab\u00a0d\u00e9chets\u00a0\u00bb et \u00ab\u00a0emballages\u00a0\u00bb en quatre points de collecte (D27 rue de Champagne\/Rue sous la Tour\/Grande rue\/Rue de Giron).\u00a0 La d\u00e9chetterie de Moirans en Montagne est g\u00e9r\u00e9e par le SICTOM du Haut-Jura. Adresse :\u00a0 lieu-dit Grange au Guy T\u00e9l :\u00a0 03 84 42\u2026<\/p>\n<p> <a class=\"continue-reading-link\" href=\"https:\/\/meussia.fr\/?page_id=131\"><span>Lire plus&#8230;<\/span><i class=\"crycon-right-dir\"><\/i><\/a><\/p>\n","protected":false},"author":1,"featured_media":0,"parent":0,"menu_order":0,"comment_status":"closed","ping_status":"closed","template":"","meta":[],"_links":{"self":[{"href":"https:\/\/meussia.fr\/index.php?rest_route=\/wp\/v2\/pages\/131"}],"collection":[{"href":"https:\/\/meussia.fr\/index.php?rest_route=\/wp\/v2\/pages"}],"about":[{"href":"https:\/\/meussia.fr\/index.php?rest_route=\/wp\/v2\/types\/page"}],"author":[{"embeddable":true,"href":"https:\/\/meussia.fr\/index.php?rest_route=\/wp\/v2\/users\/1"}],"replies":[{"embeddable":true,"href":"https:\/\/meussia.fr\/index.php?rest_route=%2Fwp%2Fv2%2Fcomments&post=131"}],"version-history":[{"count":22,"href":"https:\/\/meussia.fr\/index.php?rest_route=\/wp\/v2\/pages\/131\/revisions"}],"predecessor-version":[{"id":2342,"href":"https:\/\/meussia.fr\/index.php?rest_route=\/wp\/v2\/pages\/131\/revisions\/2342"}],"wp:attachment":[{"href":"https:\/\/meussia.fr\/index.php?rest_route=%2Fwp%2Fv2%2Fmedia&parent=131"}],"curies":[{"name":"wp","href":"https:\/\/api.w.org\/{rel}","templated":true}]}}