{"id":120,"date":"2017-10-27T15:18:09","date_gmt":"2017-10-27T13:18:09","guid":{"rendered":"http:\/\/meussia.fr\/?page_id=120"},"modified":"2023-09-21T14:08:29","modified_gmt":"2023-09-21T12:08:29","slug":"vie-economique","status":"publish","type":"page","link":"https:\/\/meussia.fr\/?page_id=120","title":{"rendered":"Vie \u00e9conomique"},"content":{"rendered":"<p><img decoding=\"async\" loading=\"lazy\" class=\"size-medium wp-image-107 alignright\" src=\"http:\/\/meussia.fr\/wp-content\/uploads\/2017\/10\/P1170329-300x168.jpg\" alt=\"\" width=\"300\" height=\"168\" srcset=\"https:\/\/meussia.fr\/wp-content\/uploads\/2017\/10\/P1170329-300x168.jpg 300w, https:\/\/meussia.fr\/wp-content\/uploads\/2017\/10\/P1170329-768x431.jpg 768w, https:\/\/meussia.fr\/wp-content\/uploads\/2017\/10\/P1170329.jpg 1024w, https:\/\/meussia.fr\/wp-content\/uploads\/2017\/10\/P1170329-150x84.jpg 150w\" sizes=\"(max-width: 300px) 100vw, 300px\" \/>Les entreprises, tous secteurs confondus repr\u00e9sentent pr\u00e8s de 80 emplois sur Meussia :<\/p>\n<p><strong>ACQUISTAPACE SARL<\/strong> : Ma\u00e7onnerie et travaux publics<\/p>\n<p><strong>BOISSON Fr\u00e8res et fils<\/strong> : Tournerie sur bois<\/p>\n<p><strong>DURAFFOURG Thierry<\/strong> : Fabrication objets en bois<\/p>\n<p><strong>ELEVAGE DE MEUSSIA<\/strong> : \u00c9levage\/pension chevaux<\/p>\n<p><strong>GENERALE DEPANNAGE<\/strong> : Plomberie, sanitaire, chauffage<\/p>\n<p><strong>JANIER DUBRY Thierry<\/strong> : Travaux forestiers<\/p>\n<p><strong>JPK EXPRESS<\/strong> :\u00a0<span style=\"font-family: 'Source Sans Pro';\">Transport express de marchandises, messagerie<\/span><\/p>\n<p><strong>MILLET TECHNICS<\/strong> : Transformation mati\u00e8res plastiques<\/p>\n<p><img decoding=\"async\" loading=\"lazy\" class=\"wp-image-123 size-large aligncenter\" src=\"http:\/\/meussia.fr\/wp-content\/uploads\/2017\/10\/P1170332-1024x405.jpg\" alt=\"\" width=\"900\" height=\"356\" srcset=\"https:\/\/meussia.fr\/wp-content\/uploads\/2017\/10\/P1170332-1024x405.jpg 1024w, https:\/\/meussia.fr\/wp-content\/uploads\/2017\/10\/P1170332-300x119.jpg 300w, https:\/\/meussia.fr\/wp-content\/uploads\/2017\/10\/P1170332-768x304.jpg 768w, https:\/\/meussia.fr\/wp-content\/uploads\/2017\/10\/P1170332-150x59.jpg 150w\" sizes=\"(max-width: 900px) 100vw, 900px\" \/><\/p>\n<p><img decoding=\"async\" loading=\"lazy\" class=\"wp-image-386 size-large aligncenter\" src=\"http:\/\/meussia.fr\/wp-content\/uploads\/2018\/07\/DJI_0018-1024x521.jpg\" alt=\"\" width=\"900\" height=\"458\" srcset=\"https:\/\/meussia.fr\/wp-content\/uploads\/2018\/07\/DJI_0018.jpg 1024w, https:\/\/meussia.fr\/wp-content\/uploads\/2018\/07\/DJI_0018-300x153.jpg 300w, https:\/\/meussia.fr\/wp-content\/uploads\/2018\/07\/DJI_0018-768x391.jpg 768w, https:\/\/meussia.fr\/wp-content\/uploads\/2018\/07\/DJI_0018-150x76.jpg 150w\" sizes=\"(max-width: 900px) 100vw, 900px\" \/><\/p>\n<hr \/>\n<p>Panoramique 360\u00b0<\/p>\n<p><center><iframe loading=\"lazy\" style=\"border: 1;\" src=\"http:\/\/meussia.fr\/paranoramique.htm\" width=\"600\" height=\"380\" frameborder=\"1\" scrolling=\"1\" allowfullscreen=\"allowfullscreen\"><\/iframe><br \/>\n<span style=\"color: #ff0000;\">&lt;&#8211; D\u00e9placez le curseur de gauche \u00e0 droite &#8211;&gt;<\/span><\/center><\/p>\n","protected":false},"excerpt":{"rendered":"<p>Les entreprises, tous secteurs confondus repr\u00e9sentent pr\u00e8s de 80 emplois sur Meussia : ACQUISTAPACE SARL : Ma\u00e7onnerie et travaux publics BOISSON Fr\u00e8res et fils : Tournerie sur bois DURAFFOURG Thierry : Fabrication objets en bois ELEVAGE DE MEUSSIA : \u00c9levage\/pension chevaux GENERALE DEPANNAGE : Plomberie, sanitaire, chauffage JANIER DUBRY Thierry\u2026<\/p>\n<p> <a class=\"continue-reading-link\" href=\"https:\/\/meussia.fr\/?page_id=120\"><span>Lire plus&#8230;<\/span><i class=\"crycon-right-dir\"><\/i><\/a><\/p>\n","protected":false},"author":1,"featured_media":0,"parent":0,"menu_order":0,"comment_status":"closed","ping_status":"closed","template":"","meta":[],"_links":{"self":[{"href":"https:\/\/meussia.fr\/index.php?rest_route=\/wp\/v2\/pages\/120"}],"collection":[{"href":"https:\/\/meussia.fr\/index.php?rest_route=\/wp\/v2\/pages"}],"about":[{"href":"https:\/\/meussia.fr\/index.php?rest_route=\/wp\/v2\/types\/page"}],"author":[{"embeddable":true,"href":"https:\/\/meussia.fr\/index.php?rest_route=\/wp\/v2\/users\/1"}],"replies":[{"embeddable":true,"href":"https:\/\/meussia.fr\/index.php?rest_route=%2Fwp%2Fv2%2Fcomments&post=120"}],"version-history":[{"count":21,"href":"https:\/\/meussia.fr\/index.php?rest_route=\/wp\/v2\/pages\/120\/revisions"}],"predecessor-version":[{"id":2122,"href":"https:\/\/meussia.fr\/index.php?rest_route=\/wp\/v2\/pages\/120\/revisions\/2122"}],"wp:attachment":[{"href":"https:\/\/meussia.fr\/index.php?rest_route=%2Fwp%2Fv2%2Fmedia&parent=120"}],"curies":[{"name":"wp","href":"https:\/\/api.w.org\/{rel}","templated":true}]}}